{"id":14,"date":"2019-10-28T12:23:23","date_gmt":"2019-10-28T12:23:23","guid":{"rendered":"https:\/\/kurutech.com.tr\/enerji\/?page_id=14"},"modified":"2025-10-07T22:44:14","modified_gmt":"2025-10-07T19:44:14","slug":"hizmetlerimiz","status":"publish","type":"page","link":"https:\/\/kurutech.com.tr\/enerji\/hizmetlerimiz\/","title":{"rendered":"H\u0130ZMETLER\u0130M\u0130Z"},"content":{"rendered":"","protected":false},"excerpt":{"rendered":"","protected":false},"author":1,"featured_media":0,"parent":0,"menu_order":0,"comment_status":"open","ping_status":"closed","template":"","meta":{"footnotes":""},"class_list":["post-14","page","type-page","status-publish","hentry"],"_links":{"self":[{"href":"https:\/\/kurutech.com.tr\/enerji\/wp-json\/wp\/v2\/pages\/14","targetHints":{"allow":["GET"]}}],"collection":[{"href":"https:\/\/kurutech.com.tr\/enerji\/wp-json\/wp\/v2\/pages"}],"about":[{"href":"https:\/\/kurutech.com.tr\/enerji\/wp-json\/wp\/v2\/types\/page"}],"author":[{"embeddable":true,"href":"https:\/\/kurutech.com.tr\/enerji\/wp-json\/wp\/v2\/users\/1"}],"replies":[{"embeddable":true,"href":"https:\/\/kurutech.com.tr\/enerji\/wp-json\/wp\/v2\/comments?post=14"}],"version-history":[{"count":1,"href":"https:\/\/kurutech.com.tr\/enerji\/wp-json\/wp\/v2\/pages\/14\/revisions"}],"predecessor-version":[{"id":76,"href":"https:\/\/kurutech.com.tr\/enerji\/wp-json\/wp\/v2\/pages\/14\/revisions\/76"}],"wp:attachment":[{"href":"https:\/\/kurutech.com.tr\/enerji\/wp-json\/wp\/v2\/media?parent=14"}],"curies":[{"name":"wp","href":"https:\/\/api.w.org\/{rel}","templated":true}]}}