{"id":72,"date":"2019-10-28T09:50:57","date_gmt":"2019-10-28T09:50:57","guid":{"rendered":"https:\/\/kurutech.com.tr\/enerji\/?page_id=3"},"modified":"2025-10-08T09:46:17","modified_gmt":"2025-10-08T06:46:17","slug":"teklif-al","status":"publish","type":"page","link":"https:\/\/kurutech.com.tr\/enerji\/teklif-al\/","title":{"rendered":"Teklif Al"},"content":{"rendered":"<div class=\"wpforms-container wpforms-container-full wpforms-render-modern\" id=\"wpforms-110\"><form id=\"wpforms-form-110\" class=\"wpforms-validate wpforms-form wpforms-ajax-form\" data-formid=\"110\" method=\"post\" enctype=\"multipart\/form-data\" action=\"\/enerji\/wp-json\/wp\/v2\/pages\/72\" data-token=\"64bbc07537103d90eda883e4328cdaa5\"><noscript class=\"wpforms-error-noscript\">Bu formu bitirebilmek i\u00e7in taray\u0131c\u0131n\u0131zda JavaScript&#039;i etkinle\u015ftirin.<\/noscript><div class=\"wpforms-hidden\" id=\"wpforms-error-noscript\">Bu formu bitirebilmek i\u00e7in taray\u0131c\u0131n\u0131zda JavaScript&#039;i etkinle\u015ftirin.<\/div><div class=\"wpforms-field-container\"><div id=\"wpforms-110-field_7-container\" class=\"wpforms-field wpforms-field-layout\" data-field-id=\"7\"><label class=\"wpforms-field-label wpforms-label-hide\" for=\"wpforms-110-field_7\" aria-hidden=\"false\">Yerle\u015fim<\/label><div class=\"wpforms-field-layout-columns wpforms-field-layout-preset-50-50\"><div class=\"wpforms-layout-column wpforms-layout-column-50\"><div id=\"wpforms-110-field_0-container\" class=\"wpforms-field wpforms-field-name\" data-field-id=\"0\"><label class=\"wpforms-field-label\" for=\"wpforms-110-field_0\">Ad Soyad <span class=\"wpforms-required-label\" aria-hidden=\"true\">*<\/span><\/label><input type=\"text\" id=\"wpforms-110-field_0\" class=\"wpforms-field-medium wpforms-field-required\" name=\"wpforms[fields][0]\" aria-errormessage=\"wpforms-110-field_0-error\" required><\/div><div id=\"wpforms-110-field_1-container\" class=\"wpforms-field wpforms-field-email\" data-field-id=\"1\"><label class=\"wpforms-field-label\" for=\"wpforms-110-field_1\">Email <span class=\"wpforms-required-label\" aria-hidden=\"true\">*<\/span><\/label><input type=\"email\" id=\"wpforms-110-field_1\" class=\"wpforms-field-small wpforms-field-required\" name=\"wpforms[fields][1]\" spellcheck=\"false\" aria-errormessage=\"wpforms-110-field_1-error\" required><\/div><\/div><div class=\"wpforms-layout-column wpforms-layout-column-50\"><div id=\"wpforms-110-field_6-container\" class=\"wpforms-field wpforms-field-phone\" data-field-id=\"6\"><label class=\"wpforms-field-label\" for=\"wpforms-110-field_6\">Telefon <span class=\"wpforms-required-label\" aria-hidden=\"true\">*<\/span><\/label><input type=\"tel\" id=\"wpforms-110-field_6\" class=\"wpforms-field-small wpforms-field-required wpforms-smart-phone-field\" data-rule-smart-phone-field=\"true\" name=\"wpforms[fields][6]\" aria-errormessage=\"wpforms-110-field_6-error\" required><\/div><div id=\"wpforms-110-field_3-container\" class=\"wpforms-field wpforms-field-select wpforms-field-select-style-classic\" data-field-id=\"3\"><label class=\"wpforms-field-label\" for=\"wpforms-110-field_3\">Almak \u0130stedi\u011finiz Hizmet <span class=\"wpforms-required-label\" aria-hidden=\"true\">*<\/span><\/label><select id=\"wpforms-110-field_3\" class=\"wpforms-field-medium wpforms-field-required\" name=\"wpforms[fields][3]\" required=\"required\"><option value=\"G\u00fcne\u015f Enerjisi\" >G\u00fcne\u015f Enerjisi<\/option><option value=\"R\u00fczgar Enerjisi\" >R\u00fczgar Enerjisi<\/option><option value=\"Ara\u00e7 \u015earj\" >Ara\u00e7 \u015earj<\/option><option value=\"Ups Kesintisiz G\u00fc\u00e7 Kayna\u011f\u0131\" >Ups Kesintisiz G\u00fc\u00e7 Kayna\u011f\u0131<\/option><option value=\"Redres\u00f6r\" >Redres\u00f6r<\/option><option value=\"\u0130nvert\u00f6r\" >\u0130nvert\u00f6r<\/option><option value=\"Jenerat\u00f6r\" >Jenerat\u00f6r<\/option><\/select><\/div><\/div><\/div><\/div><div id=\"wpforms-110-field_5-container\" class=\"wpforms-field wpforms-field-checkbox\" data-field-id=\"5\"><fieldset><legend class=\"wpforms-field-label wpforms-label-hide\" aria-hidden=\"false\">Marketing email consent <span class=\"wpforms-required-label\" aria-hidden=\"true\">*<\/span><\/legend><ul id=\"wpforms-110-field_5\" class=\"wpforms-field-required\"><li class=\"choice-1 depth-1\"><input type=\"checkbox\" id=\"wpforms-110-field_5_1\" name=\"wpforms[fields][5][]\" value=\"Talebim hakk\u0131nda geri d\u00f6n\u00fc\u015f yap\u0131lmas\u0131 i\u00e7in ki\u015fisel verilerimin ileti\u015fim amac\u0131yla i\u015flenmesine onay veriyorum\" aria-errormessage=\"wpforms-110-field_5_1-error\" required ><label class=\"wpforms-field-label-inline\" for=\"wpforms-110-field_5_1\">Talebim hakk\u0131nda geri d\u00f6n\u00fc\u015f yap\u0131lmas\u0131 i\u00e7in ki\u015fisel verilerimin ileti\u015fim amac\u0131yla i\u015flenmesine onay veriyorum<\/label><\/li><\/ul><\/fieldset><\/div><\/div><!-- .wpforms-field-container --><div class=\"wpforms-submit-container\" ><input type=\"hidden\" name=\"wpforms[id]\" value=\"110\"><input type=\"hidden\" name=\"wpforms[author]\" value=\"1\"><button type=\"submit\" name=\"wpforms[submit]\" id=\"wpforms-submit-110\" class=\"wpforms-submit\" data-alt-text=\"Sending...\" data-submit-text=\"Submit\" aria-live=\"assertive\" value=\"wpforms-submit\">Submit<\/button><img loading=\"lazy\" decoding=\"async\" src=\"https:\/\/kurutech.com.tr\/enerji\/wp-content\/plugins\/wpforms\/assets\/images\/submit-spin.svg\" class=\"wpforms-submit-spinner\" style=\"display: none;\" width=\"26\" height=\"26\" alt=\"Y\u00fckleniyor\"><\/div><\/form><\/div>  <!-- .wpforms-container -->\n","protected":false},"excerpt":{"rendered":"","protected":false},"author":1,"featured_media":0,"parent":0,"menu_order":0,"comment_status":"closed","ping_status":"closed","template":"","meta":{"footnotes":""},"class_list":["post-72","page","type-page","status-publish","hentry"],"_links":{"self":[{"href":"https:\/\/kurutech.com.tr\/enerji\/wp-json\/wp\/v2\/pages\/72","targetHints":{"allow":["GET"]}}],"collection":[{"href":"https:\/\/kurutech.com.tr\/enerji\/wp-json\/wp\/v2\/pages"}],"about":[{"href":"https:\/\/kurutech.com.tr\/enerji\/wp-json\/wp\/v2\/types\/page"}],"author":[{"embeddable":true,"href":"https:\/\/kurutech.com.tr\/enerji\/wp-json\/wp\/v2\/users\/1"}],"replies":[{"embeddable":true,"href":"https:\/\/kurutech.com.tr\/enerji\/wp-json\/wp\/v2\/comments?post=72"}],"version-history":[{"count":3,"href":"https:\/\/kurutech.com.tr\/enerji\/wp-json\/wp\/v2\/pages\/72\/revisions"}],"predecessor-version":[{"id":117,"href":"https:\/\/kurutech.com.tr\/enerji\/wp-json\/wp\/v2\/pages\/72\/revisions\/117"}],"wp:attachment":[{"href":"https:\/\/kurutech.com.tr\/enerji\/wp-json\/wp\/v2\/media?parent=72"}],"curies":[{"name":"wp","href":"https:\/\/api.w.org\/{rel}","templated":true}]}}