{"id":18614,"date":"2024-01-01T17:21:38","date_gmt":"2024-01-01T17:21:38","guid":{"rendered":"https:\/\/kurutech.com.tr\/muhendislik\/?page_id=18614"},"modified":"2025-11-01T12:51:00","modified_gmt":"2025-11-01T09:51:00","slug":"hakkimizda","status":"publish","type":"page","link":"https:\/\/kurutech.com.tr\/muhendislik\/hakkimizda\/","title":{"rendered":"Hakk\u0131m\u0131zda"},"content":{"rendered":"\t\t<div data-elementor-type=\"wp-page\" data-elementor-id=\"18614\" class=\"elementor elementor-18614\">\n\t\t\t\t\t\t<section class=\"elementor-section elementor-top-section elementor-element elementor-element-5d36df0 elementor-section-boxed elementor-section-height-default elementor-section-height-default sc_fly_static\" data-id=\"5d36df0\" data-element_type=\"section\">\n\t\t\t\t\t\t<div class=\"elementor-container elementor-column-gap-extended\">\n\t\t\t\t\t<div class=\"elementor-column elementor-col-100 elementor-top-column elementor-element elementor-element-d19605d sc_content_align_inherit sc_layouts_column_icons_position_left sc_fly_static\" data-id=\"d19605d\" data-element_type=\"column\">\n\t\t\t<div class=\"elementor-widget-wrap elementor-element-populated\">\n\t\t\t\t\t\t<div class=\"elementor-element elementor-element-299da07 sc_height_huge sc_fly_static elementor-widget elementor-widget-spacer\" data-id=\"299da07\" data-element_type=\"widget\" data-widget_type=\"spacer.default\">\n\t\t\t\t<div class=\"elementor-widget-container\">\n\t\t\t\t\t\t\t<div class=\"elementor-spacer\">\n\t\t\t<div class=\"elementor-spacer-inner\"><\/div>\n\t\t<\/div>\n\t\t\t\t\t\t<\/div>\n\t\t\t\t<\/div>\n\t\t\t\t\t<\/div>\n\t\t<\/div>\n\t\t\t\t\t<\/div>\n\t\t<\/section>\n\t\t\t\t<section class=\"elementor-section elementor-top-section elementor-element elementor-element-3b9ea1a8 elementor-section-content-middle elementor-section-boxed elementor-section-height-default elementor-section-height-default sc_fly_static\" data-id=\"3b9ea1a8\" data-element_type=\"section\">\n\t\t\t\t\t\t<div class=\"elementor-container elementor-column-gap-extended\">\n\t\t\t\t\t<div class=\"elementor-column elementor-col-50 elementor-top-column elementor-element elementor-element-25e5c9af sc_content_align_inherit sc_layouts_column_icons_position_left sc_fly_static\" data-id=\"25e5c9af\" data-element_type=\"column\">\n\t\t\t<div class=\"elementor-widget-wrap elementor-element-populated\">\n\t\t\t\t\t\t<section class=\"elementor-section elementor-inner-section elementor-element elementor-element-19d6e388 elementor-section-boxed elementor-section-height-default elementor-section-height-default sc_fly_static\" data-id=\"19d6e388\" data-element_type=\"section\">\n\t\t\t\t\t\t<div class=\"elementor-container elementor-column-gap-no\">\n\t\t\t\t\t<div class=\"elementor-column elementor-col-50 elementor-inner-column elementor-element elementor-element-6ed331a0 sc_content_align_inherit sc_layouts_column_icons_position_left sc_fly_static\" data-id=\"6ed331a0\" data-element_type=\"column\">\n\t\t\t<div class=\"elementor-widget-wrap elementor-element-populated\">\n\t\t\t\t\t\t<div class=\"elementor-element elementor-element-3112ed36 sc_layouts_hide_on_mobile sc_fly_static elementor-widget elementor-widget-spacer\" data-id=\"3112ed36\" data-element_type=\"widget\" data-widget_type=\"spacer.default\">\n\t\t\t\t<div class=\"elementor-widget-container\">\n\t\t\t\t\t\t\t<div class=\"elementor-spacer\">\n\t\t\t<div class=\"elementor-spacer-inner\"><\/div>\n\t\t<\/div>\n\t\t\t\t\t\t<\/div>\n\t\t\t\t<\/div>\n\t\t\t\t<div class=\"elementor-element elementor-element-36218c98 no-title sc_fly_static elementor-widget elementor-widget-image\" data-id=\"36218c98\" data-element_type=\"widget\" data-widget_type=\"image.default\">\n\t\t\t\t<div class=\"elementor-widget-container\">\n\t\t\t\t\t\t\t\t\t\t\t\t\t\t\t<img decoding=\"async\" src=\"https:\/\/kurutech.com.tr\/muhendislik\/wp-content\/uploads\/elementor\/thumbs\/hakkimizda-rdwpyssthm59jyhal0zbf0jwuinwx5itwly1m2di0m.jpg\" title=\"hakkimizda\" alt=\"hakkimizda\" loading=\"lazy\" \/>\t\t\t\t\t\t\t\t\t\t\t\t\t\t\t<\/div>\n\t\t\t\t<\/div>\n\t\t\t\t<div class=\"elementor-element elementor-element-161f143 sc_height_large sc_layouts_hide_on_mobile sc_fly_static elementor-widget elementor-widget-spacer\" data-id=\"161f143\" data-element_type=\"widget\" data-widget_type=\"spacer.default\">\n\t\t\t\t<div class=\"elementor-widget-container\">\n\t\t\t\t\t\t\t<div class=\"elementor-spacer\">\n\t\t\t<div class=\"elementor-spacer-inner\"><\/div>\n\t\t<\/div>\n\t\t\t\t\t\t<\/div>\n\t\t\t\t<\/div>\n\t\t\t\t\t<\/div>\n\t\t<\/div>\n\t\t\t\t<div class=\"elementor-column elementor-col-50 elementor-inner-column elementor-element elementor-element-35355d52 sc_content_align_inherit sc_layouts_column_icons_position_left sc_fly_static\" data-id=\"35355d52\" data-element_type=\"column\">\n\t\t\t<div class=\"elementor-widget-wrap elementor-element-populated\">\n\t\t\t\t\t\t<div class=\"elementor-element elementor-element-1d795f18 no-title sc_fly_static elementor-widget elementor-widget-image\" data-id=\"1d795f18\" data-element_type=\"widget\" data-widget_type=\"image.default\">\n\t\t\t\t<div class=\"elementor-widget-container\">\n\t\t\t\t\t\t\t\t\t\t\t\t\t\t\t<img decoding=\"async\" src=\"https:\/\/kurutech.com.tr\/muhendislik\/wp-content\/uploads\/elementor\/thumbs\/hakkimizda1-rdwpph8efpmog1z0ib9lgwj217titus515vyds3ibc.jpg\" title=\"hakkimizda1\" alt=\"hakkimizda1\" loading=\"lazy\" \/>\t\t\t\t\t\t\t\t\t\t\t\t\t\t\t<\/div>\n\t\t\t\t<\/div>\n\t\t\t\t\t<\/div>\n\t\t<\/div>\n\t\t\t\t\t<\/div>\n\t\t<\/section>\n\t\t\t\t\t<\/div>\n\t\t<\/div>\n\t\t\t\t<div class=\"elementor-column elementor-col-50 elementor-top-column elementor-element elementor-element-79d57fa0 sc_content_align_inherit sc_layouts_column_icons_position_left sc_fly_static\" data-id=\"79d57fa0\" data-element_type=\"column\">\n\t\t\t<div class=\"elementor-widget-wrap elementor-element-populated\">\n\t\t\t\t\t\t<div class=\"elementor-element elementor-element-6aae70bf sc_fly_static elementor-widget elementor-widget-trx_sc_title\" data-id=\"6aae70bf\" data-element_type=\"widget\" data-widget_type=\"trx_sc_title.default\">\n\t\t\t\t<div class=\"elementor-widget-container\">\n\t\t\t\t\t<div\t\tclass=\"sc_title sc_title_default\" ><span class=\"sc_item_subtitle sc_title_subtitle sc_item_subtitle_above sc_item_title_style_default\">Kuru tech m\u00fchendislik<\/span><h1 class=\"sc_item_title sc_title_title sc_item_title_style_default sc_item_title_tag\"\n\t\t\t><span class=\"sc_item_title_text\">Hakk\u0131m\u0131zda<\/span><\/h1><div class=\"sc_item_descr sc_title_descr\"><p>Kurutech M\u00fchendislik, kal\u0131p imalat\u0131 ve fason CNC i\u015flemeleri \u00fczerine kurulmu\u015ftur.<\/p>\n<p>Plastik enjeksiyon kal\u0131plar\u0131, metal enjeksiyon kal\u0131plar\u0131, cnc torna i\u015flemeleri, tel erozyon kesimleri gibi bir\u00e7ok alanda proje bazl\u0131 \u00e7al\u0131\u015fmalar y\u00fcr\u00fcterek bir\u00e7ok sekt\u00f6re hizmet vermektedir.<\/p>\n<p>10 y\u0131l\u0131 a\u015fk\u0131n tecr\u00fcbesi ve alan\u0131nda uzman m\u00fchendis kadrosu ile yurti\u00e7i ve yurtd\u0131\u015f\u0131 m\u00fc\u015fteri portf\u00f6ylerine rekabet\u00e7i fiyat ve h\u0131zl\u0131 teslimat\u0131 \u015fiar edinmi\u015ftir.<\/p>\n<p>Kurutech M\u00fchendislik teknolojiyi yak\u0131ndan takip ederek ve yat\u0131r\u0131mlar\u0131n\u0131 art\u0131rarak emin ad\u0131mlarla sekt\u00f6rdeki yerini alm\u0131\u015ft\u0131r.<\/p>\n<\/div><\/div>\t\t\t\t<\/div>\n\t\t\t\t<\/div>\n\t\t\t\t<div class=\"elementor-element elementor-element-2b68236b sc_fly_static elementor-widget elementor-widget-spacer\" data-id=\"2b68236b\" data-element_type=\"widget\" data-widget_type=\"spacer.default\">\n\t\t\t\t<div class=\"elementor-widget-container\">\n\t\t\t\t\t\t\t<div class=\"elementor-spacer\">\n\t\t\t<div class=\"elementor-spacer-inner\"><\/div>\n\t\t<\/div>\n\t\t\t\t\t\t<\/div>\n\t\t\t\t<\/div>\n\t\t\t\t<div class=\"elementor-element elementor-element-4305ab00 sc_fly_static elementor-widget elementor-widget-spacer\" data-id=\"4305ab00\" data-element_type=\"widget\" data-widget_type=\"spacer.default\">\n\t\t\t\t<div class=\"elementor-widget-container\">\n\t\t\t\t\t\t\t<div class=\"elementor-spacer\">\n\t\t\t<div class=\"elementor-spacer-inner\"><\/div>\n\t\t<\/div>\n\t\t\t\t\t\t<\/div>\n\t\t\t\t<\/div>\n\t\t\t\t<div class=\"elementor-element elementor-element-afd86be sc_fly_static elementor-widget elementor-widget-trx_sc_button\" data-id=\"afd86be\" data-element_type=\"widget\" data-widget_type=\"trx_sc_button.default\">\n\t\t\t\t<div class=\"elementor-widget-container\">\n\t\t\t\t\t<div\tclass=\"sc_item_button sc_button_wrap\" ><a href=\"https:\/\/kurutech.com.tr\/muhendislik\/iletisim\" class=\"sc_button sc_button_default sc_button_size_normal sc_button_icon_left color_style_link2\" ><span class=\"sc_button_text\"><span class=\"sc_button_title\">\u0130leti\u015fim<\/span><\/span><\/a><\/div>\t\t\t\t<\/div>\n\t\t\t\t<\/div>\n\t\t\t\t\t<\/div>\n\t\t<\/div>\n\t\t\t\t\t<\/div>\n\t\t<\/section>\n\t\t\t\t<section class=\"elementor-section elementor-top-section elementor-element elementor-element-8f058c2 elementor-section-boxed elementor-section-height-default elementor-section-height-default sc_fly_static\" data-id=\"8f058c2\" data-element_type=\"section\">\n\t\t\t\t\t\t<div class=\"elementor-container elementor-column-gap-extended\">\n\t\t\t\t\t<div class=\"elementor-column elementor-col-100 elementor-top-column elementor-element elementor-element-890b84b sc_content_align_inherit sc_layouts_column_icons_position_left sc_fly_static\" data-id=\"890b84b\" data-element_type=\"column\">\n\t\t\t<div class=\"elementor-widget-wrap elementor-element-populated\">\n\t\t\t\t\t\t<div class=\"elementor-element elementor-element-ca9c219 sc_height_huge sc_fly_static elementor-widget elementor-widget-spacer\" data-id=\"ca9c219\" data-element_type=\"widget\" data-widget_type=\"spacer.default\">\n\t\t\t\t<div class=\"elementor-widget-container\">\n\t\t\t\t\t\t\t<div class=\"elementor-spacer\">\n\t\t\t<div class=\"elementor-spacer-inner\"><\/div>\n\t\t<\/div>\n\t\t\t\t\t\t<\/div>\n\t\t\t\t<\/div>\n\t\t\t\t\t<\/div>\n\t\t<\/div>\n\t\t\t\t\t<\/div>\n\t\t<\/section>\n\t\t\t\t<section class=\"elementor-section elementor-top-section elementor-element elementor-element-b9352cc elementor-section-boxed elementor-section-height-default elementor-section-height-default sc_fly_static\" data-id=\"b9352cc\" data-element_type=\"section\">\n\t\t\t\t\t\t<div class=\"elementor-container elementor-column-gap-extended\">\n\t\t\t\t\t<div class=\"elementor-column elementor-col-50 elementor-top-column elementor-element elementor-element-5f06a20 sc_content_align_inherit sc_layouts_column_icons_position_left sc_fly_static\" data-id=\"5f06a20\" data-element_type=\"column\">\n\t\t\t<div class=\"elementor-widget-wrap elementor-element-populated\">\n\t\t\t\t\t\t<div class=\"elementor-element elementor-element-f317a13 sc_fly_static elementor-widget elementor-widget-text-editor\" data-id=\"f317a13\" data-element_type=\"widget\" data-widget_type=\"text-editor.default\">\n\t\t\t\t<div class=\"elementor-widget-container\">\n\t\t\t\t\t\t\t\t\t<p><strong>Misyonumuz<\/strong><\/p><p>M\u00fc\u015fteri beklentilerine en uygun \u00e7\u00f6z\u00fcmleri sunan, gerekli rekabet ko\u015fullar\u0131n\u0131 en etkin bir \u015fekilde sa\u011flayan, ge\u00e7mi\u015ften bu yana ilke edindi\u011fi etik de\u011ferleri ile gelece\u011fe g\u00fcvenle bakan, s\u00fcrd\u00fcr\u00fclebilir b\u00fcy\u00fcme, geli\u015fme, hizmet ve \u00fcr\u00fcn kalitesiyle faaliyet g\u00f6sterdi\u011fi sekt\u00f6rlerde ilham veren ve merak\u0131n\u0131z\u0131 ve heyecan\u0131n\u0131z\u0131 uyand\u0131ran bir \u015firket olmakt\u0131r.<\/p>\t\t\t\t\t\t\t\t<\/div>\n\t\t\t\t<\/div>\n\t\t\t\t\t<\/div>\n\t\t<\/div>\n\t\t\t\t<div class=\"elementor-column elementor-col-50 elementor-top-column elementor-element elementor-element-e0114d8 sc_content_align_inherit sc_layouts_column_icons_position_left sc_fly_static\" data-id=\"e0114d8\" data-element_type=\"column\">\n\t\t\t<div class=\"elementor-widget-wrap elementor-element-populated\">\n\t\t\t\t\t\t<div class=\"elementor-element elementor-element-8c8eeeb sc_fly_static elementor-widget elementor-widget-text-editor\" data-id=\"8c8eeeb\" data-element_type=\"widget\" data-widget_type=\"text-editor.default\">\n\t\t\t\t<div class=\"elementor-widget-container\">\n\t\t\t\t\t\t\t\t\t<p><strong>Vizyonumuz<\/strong><\/p><p>G\u00fcvenli, yeterli, ekonomik, kaliteli, tercih edilen, \u00e7evreye duyarl\u0131 bir \u015fekilde \u00fcretim yapmakt\u0131r.<\/p>\t\t\t\t\t\t\t\t<\/div>\n\t\t\t\t<\/div>\n\t\t\t\t\t<\/div>\n\t\t<\/div>\n\t\t\t\t\t<\/div>\n\t\t<\/section>\n\t\t\t\t<section class=\"elementor-section elementor-top-section elementor-element elementor-element-2fee0de elementor-section-boxed elementor-section-height-default elementor-section-height-default sc_fly_static\" data-id=\"2fee0de\" data-element_type=\"section\">\n\t\t\t\t\t\t<div class=\"elementor-container elementor-column-gap-extended\">\n\t\t\t\t\t<div class=\"elementor-column elementor-col-100 elementor-top-column elementor-element elementor-element-6f7af5c sc_content_align_inherit sc_layouts_column_icons_position_left sc_fly_static\" data-id=\"6f7af5c\" data-element_type=\"column\">\n\t\t\t<div class=\"elementor-widget-wrap elementor-element-populated\">\n\t\t\t\t\t\t<div class=\"elementor-element elementor-element-3da7bf3 sc_fly_static elementor-widget elementor-widget-spacer\" data-id=\"3da7bf3\" data-element_type=\"widget\" data-widget_type=\"spacer.default\">\n\t\t\t\t<div class=\"elementor-widget-container\">\n\t\t\t\t\t\t\t<div class=\"elementor-spacer\">\n\t\t\t<div class=\"elementor-spacer-inner\"><\/div>\n\t\t<\/div>\n\t\t\t\t\t\t<\/div>\n\t\t\t\t<\/div>\n\t\t\t\t<div class=\"elementor-element elementor-element-dc27a9a sc_fly_static elementor-widget elementor-widget-trx_sc_skills\" data-id=\"dc27a9a\" data-element_type=\"widget\" data-widget_type=\"trx_sc_skills.default\">\n\t\t\t\t<div class=\"elementor-widget-container\">\n\t\t\t\t\t<div\t\tclass=\"sc_skills sc_skills_counter_modern sc_skills_counter_style_counter\"\r\n\t\t\t\tdata-type=\"counter\" ><div class=\"sc_skills_columns sc_item_columns trx_addons_columns_wrap columns_padding_bottom columns_in_single_row\"><div class=\"sc_skills_column trx_addons_column-1_4 trx_addons_column-1_2-mobile\"><div class=\"sc_skills_item_wrap sc_skills_item_icon_position_top\"><div class=\"sc_skills_item\"><div class=\"sc_skills_total\" data-start=\"0\" data-stop=\"99\" data-step=\"0.99\" data-max=\"200\" data-speed=\"15\" data-duration=\"1500\" data-ed=\"+\" data-style=\"counter\" style=\"color: #EBEEFA\">0+<\/div><\/div><div class=\"sc_skills_item_title\">Proje<\/div><\/div><\/div><div class=\"sc_skills_column trx_addons_column-1_4 trx_addons_column-1_2-mobile\"><div class=\"sc_skills_item_wrap sc_skills_item_icon_position_top\"><div class=\"sc_skills_item\"><div class=\"sc_skills_total\" data-start=\"0\" data-stop=\"20\" data-step=\"0.2\" data-max=\"200\" data-speed=\"15\" data-duration=\"1500\" data-ed=\"\" data-style=\"counter\" style=\"color: #EBEEFA\">0<\/div><\/div><div class=\"sc_skills_item_title\">Uzman Kadro<\/div><\/div><\/div><div class=\"sc_skills_column trx_addons_column-1_4 trx_addons_column-1_2-mobile\"><div class=\"sc_skills_item_wrap sc_skills_item_icon_position_top\"><div class=\"sc_skills_item\"><div class=\"sc_skills_total\" data-start=\"0\" data-stop=\"10\" data-step=\"0.1\" data-max=\"200\" data-speed=\"15\" data-duration=\"1500\" data-ed=\"\" data-style=\"counter\" style=\"color: #EBEEFA\">0<\/div><\/div><div class=\"sc_skills_item_title\">Y\u0131l\u0131 A\u015fk\u0131n<\/div><\/div><\/div><div class=\"sc_skills_column trx_addons_column-1_4 trx_addons_column-1_2-mobile\"><div class=\"sc_skills_item_wrap sc_skills_item_icon_position_top\"><div class=\"sc_skills_item\"><div class=\"sc_skills_total\" data-start=\"0\" data-stop=\"4\" data-step=\"0.04\" data-max=\"200\" data-speed=\"15\" data-duration=\"1500\" data-ed=\"\" data-style=\"counter\" style=\"color: #EBEEFA\">0<\/div><\/div><div class=\"sc_skills_item_title\">Hizmet Alan\u0131<\/div><\/div><\/div><\/div><\/div>\t\t\t\t<\/div>\n\t\t\t\t<\/div>\n\t\t\t\t<div class=\"elementor-element elementor-element-4fe56f1 sc_height_huge sc_fly_static elementor-widget elementor-widget-spacer\" data-id=\"4fe56f1\" data-element_type=\"widget\" data-widget_type=\"spacer.default\">\n\t\t\t\t<div class=\"elementor-widget-container\">\n\t\t\t\t\t\t\t<div class=\"elementor-spacer\">\n\t\t\t<div class=\"elementor-spacer-inner\"><\/div>\n\t\t<\/div>\n\t\t\t\t\t\t<\/div>\n\t\t\t\t<\/div>\n\t\t\t\t\t<\/div>\n\t\t<\/div>\n\t\t\t\t\t<\/div>\n\t\t<\/section>\n\t\t\t\t<section class=\"elementor-section elementor-top-section elementor-element elementor-element-f897e97 elementor-section-boxed elementor-section-height-default elementor-section-height-default sc_fly_static\" data-id=\"f897e97\" data-element_type=\"section\" data-settings=\"{&quot;background_background&quot;:&quot;classic&quot;}\">\n\t\t\t\t\t\t<div class=\"elementor-container elementor-column-gap-extended\">\n\t\t\t\t\t<div class=\"elementor-column elementor-col-100 elementor-top-column elementor-element elementor-element-f80f01b sc_content_align_inherit sc_layouts_column_icons_position_left sc_fly_static\" data-id=\"f80f01b\" data-element_type=\"column\">\n\t\t\t<div class=\"elementor-widget-wrap elementor-element-populated\">\n\t\t\t\t\t\t<div class=\"elementor-element elementor-element-319b4e7 sc_height_huge sc_fly_static elementor-widget elementor-widget-spacer\" data-id=\"319b4e7\" data-element_type=\"widget\" data-widget_type=\"spacer.default\">\n\t\t\t\t<div class=\"elementor-widget-container\">\n\t\t\t\t\t\t\t<div class=\"elementor-spacer\">\n\t\t\t<div class=\"elementor-spacer-inner\"><\/div>\n\t\t<\/div>\n\t\t\t\t\t\t<\/div>\n\t\t\t\t<\/div>\n\t\t\t\t\t<\/div>\n\t\t<\/div>\n\t\t\t\t\t<\/div>\n\t\t<\/section>\n\t\t\t\t<\/div>\n\t\t","protected":false},"excerpt":{"rendered":"<p>Kuru tech m\u00fchendislik Hakk\u0131m\u0131zda Kurutech M\u00fchendislik, kal\u0131p imalat\u0131 ve fason CNC i\u015flemeleri \u00fczerine kurulmu\u015ftur. Plastik enjeksiyon kal\u0131plar\u0131, metal enjeksiyon kal\u0131plar\u0131, cnc torna i\u015flemeleri, tel erozyon kesimleri gibi bir\u00e7ok alanda proje&hellip;<\/p>\n","protected":false},"author":1,"featured_media":0,"parent":0,"menu_order":0,"comment_status":"closed","ping_status":"closed","template":"","meta":{"footnotes":""},"class_list":["post-18614","page","type-page","status-publish","hentry"],"_links":{"self":[{"href":"https:\/\/kurutech.com.tr\/muhendislik\/wp-json\/wp\/v2\/pages\/18614","targetHints":{"allow":["GET"]}}],"collection":[{"href":"https:\/\/kurutech.com.tr\/muhendislik\/wp-json\/wp\/v2\/pages"}],"about":[{"href":"https:\/\/kurutech.com.tr\/muhendislik\/wp-json\/wp\/v2\/types\/page"}],"author":[{"embeddable":true,"href":"https:\/\/kurutech.com.tr\/muhendislik\/wp-json\/wp\/v2\/users\/1"}],"replies":[{"embeddable":true,"href":"https:\/\/kurutech.com.tr\/muhendislik\/wp-json\/wp\/v2\/comments?post=18614"}],"version-history":[{"count":19,"href":"https:\/\/kurutech.com.tr\/muhendislik\/wp-json\/wp\/v2\/pages\/18614\/revisions"}],"predecessor-version":[{"id":58111,"href":"https:\/\/kurutech.com.tr\/muhendislik\/wp-json\/wp\/v2\/pages\/18614\/revisions\/58111"}],"wp:attachment":[{"href":"https:\/\/kurutech.com.tr\/muhendislik\/wp-json\/wp\/v2\/media?parent=18614"}],"curies":[{"name":"wp","href":"https:\/\/api.w.org\/{rel}","templated":true}]}}